{"id":4797,"date":"2023-01-26T08:56:36","date_gmt":"2023-01-26T13:56:36","guid":{"rendered":"https:\/\/www.teleconenterprise.com\/?page_id=4797"},"modified":"2023-01-26T08:58:01","modified_gmt":"2023-01-26T13:58:01","slug":"confidentialite","status":"publish","type":"page","link":"https:\/\/teleconenterprise.com\/fr\/confidentialite\/","title":{"rendered":"Confidentialit\u00e9"},"content":{"rendered":"\t\t<div data-elementor-type=\"wp-post\" data-elementor-id=\"4797\" class=\"elementor elementor-4797 elementor-4796\" data-elementor-post-type=\"page\">\n\t\t\t\t\t\t<section class=\"elementor-section elementor-top-section elementor-element elementor-element-16d0b33e elementor-section-height-min-height elementor-section-boxed elementor-section-height-default elementor-section-items-middle\" data-id=\"16d0b33e\" data-element_type=\"section\" data-settings=\"{&quot;background_background&quot;:&quot;classic&quot;,&quot;shape_divider_bottom&quot;:&quot;tilt&quot;}\">\n\t\t\t\t\t\t\t<div class=\"elementor-background-overlay\"><\/div>\n\t\t\t\t\t\t<div class=\"elementor-shape elementor-shape-bottom\" aria-hidden=\"true\" data-negative=\"false\">\n\t\t\t<svg xmlns=\"http:\/\/www.w3.org\/2000\/svg\" viewBox=\"0 0 1000 100\" preserveAspectRatio=\"none\">\n\t<path class=\"elementor-shape-fill\" d=\"M0,6V0h1000v100L0,6z\"\/>\n<\/svg>\t\t<\/div>\n\t\t\t\t\t<div class=\"elementor-container elementor-column-gap-default\">\n\t\t\t\t\t<div class=\"elementor-column elementor-col-100 elementor-top-column elementor-element elementor-element-5df2763b elementor-invisible\" data-id=\"5df2763b\" data-element_type=\"column\" data-settings=\"{&quot;animation&quot;:&quot;fadeIn&quot;}\">\n\t\t\t<div class=\"elementor-widget-wrap elementor-element-populated\">\n\t\t\t\t\t\t<section class=\"elementor-section elementor-inner-section elementor-element elementor-element-166c2531 elementor-section-boxed elementor-section-height-default elementor-section-height-default\" data-id=\"166c2531\" data-element_type=\"section\">\n\t\t\t\t\t\t<div class=\"elementor-container elementor-column-gap-wider\">\n\t\t\t\t\t<div class=\"elementor-column elementor-col-100 elementor-inner-column elementor-element elementor-element-7d23f35e\" data-id=\"7d23f35e\" data-element_type=\"column\">\n\t\t\t<div class=\"elementor-widget-wrap elementor-element-populated\">\n\t\t\t\t\t\t<div class=\"elementor-element elementor-element-5943572 elementor-widget elementor-widget-heading\" data-id=\"5943572\" data-element_type=\"widget\" data-widget_type=\"heading.default\">\n\t\t\t\t<div class=\"elementor-widget-container\">\n\t\t\t\t\t<h2 class=\"elementor-heading-title elementor-size-xl\">Confidentialit\u00e9<\/h2>\t\t\t\t<\/div>\n\t\t\t\t<\/div>\n\t\t\t\t\t<\/div>\n\t\t<\/div>\n\t\t\t\t\t<\/div>\n\t\t<\/section>\n\t\t\t\t<section class=\"elementor-section elementor-inner-section elementor-element elementor-element-ce539b8 elementor-section-boxed elementor-section-height-default elementor-section-height-default\" data-id=\"ce539b8\" data-element_type=\"section\">\n\t\t\t\t\t\t<div class=\"elementor-container elementor-column-gap-wider\">\n\t\t\t\t\t<div class=\"elementor-column elementor-col-16 elementor-inner-column elementor-element elementor-element-1308f32\" data-id=\"1308f32\" data-element_type=\"column\">\n\t\t\t<div class=\"elementor-widget-wrap\">\n\t\t\t\t\t\t\t<\/div>\n\t\t<\/div>\n\t\t\t\t<div class=\"elementor-column elementor-col-66 elementor-inner-column elementor-element elementor-element-02b895e\" data-id=\"02b895e\" data-element_type=\"column\">\n\t\t\t<div class=\"elementor-widget-wrap elementor-element-populated\">\n\t\t\t\t\t\t<div class=\"elementor-element elementor-element-73302c3 elementor-widget elementor-widget-text-editor\" data-id=\"73302c3\" data-element_type=\"widget\" data-widget_type=\"text-editor.default\">\n\t\t\t\t<div class=\"elementor-widget-container\">\n\t\t\t\t\t\t\t\t\t<p>Protection des renseignements personnels<\/p>\n\t\t\t\t\t\t\t\t<\/div>\n\t\t\t\t<\/div>\n\t\t\t\t\t<\/div>\n\t\t<\/div>\n\t\t\t\t<div class=\"elementor-column elementor-col-16 elementor-inner-column elementor-element elementor-element-99f30b8\" data-id=\"99f30b8\" data-element_type=\"column\">\n\t\t\t<div class=\"elementor-widget-wrap\">\n\t\t\t\t\t\t\t<\/div>\n\t\t<\/div>\n\t\t\t\t\t<\/div>\n\t\t<\/section>\n\t\t\t\t\t<\/div>\n\t\t<\/div>\n\t\t\t\t\t<\/div>\n\t\t<\/section>\n\t\t\t\t<section class=\"elementor-section elementor-top-section elementor-element elementor-element-4a8ab1f elementor-section-boxed elementor-section-height-default elementor-section-height-default\" data-id=\"4a8ab1f\" data-element_type=\"section\">\n\t\t\t\t\t\t<div class=\"elementor-container elementor-column-gap-default\">\n\t\t\t\t\t<div class=\"elementor-column elementor-col-100 elementor-top-column elementor-element elementor-element-b5c8d6e\" data-id=\"b5c8d6e\" data-element_type=\"column\">\n\t\t\t<div class=\"elementor-widget-wrap elementor-element-populated\">\n\t\t\t\t\t\t<div class=\"elementor-element elementor-element-b4faf89 elementor-widget elementor-widget-text-editor\" data-id=\"b4faf89\" data-element_type=\"widget\" data-widget_type=\"text-editor.default\">\n\t\t\t\t<div class=\"elementor-widget-container\">\n\t\t\t\t\t\t\t\t\t<p class=\"m_3929261273092476424MsoNoSpacing\"><u><a href=\"https:\/\/promark-telecon.com\/wp-content\/uploads\/2023\/01\/Telecon-Website-Privacy-Policy-EN.pdf\" target=\"_blank\" rel=\"noopener\" data-saferedirecturl=\"https:\/\/www.google.com\/url?q=https:\/\/promark-telecon.com\/wp-content\/uploads\/2023\/01\/Telecon-Website-Privacy-Policy-EN.pdf&amp;source=gmail&amp;ust=1674765183101000&amp;usg=AOvVaw1X3tQkaELXRDBcBYXemkdj\">Voici notre politique de confidentialit\u00e9.<\/a><\/u><\/p>\n<p class=\"m_3929261273092476424MsoNoSpacing\"><u><\/u> <u><\/u><\/p>\n<p class=\"m_3929261273092476424MsoNoSpacing\">T\u00e9l\u00e9con Inc. et ses soci\u00e9t\u00e9s affili\u00e9es (\u00ab T\u00e9l\u00e9con Entreprises\u00bb) respectent votre vie priv\u00e9e et s\u2019engagent \u00e0 prot\u00e9ger vos renseignements personnels.<u><\/u><u><\/u><\/p>\n<p class=\"m_3929261273092476424MsoNoSpacing\"><u><\/u> <u><\/u><\/p>\n<p class=\"m_3929261273092476424MsoNoSpacing\">Veuillez lire la pr\u00e9sente politique de confidentialit\u00e9 avant d\u2019utiliser le site Web ou d\u2019y cr\u00e9er un compte d\u2019utilisateur. Si vous \u00eates en d\u00e9saccord avec la pr\u00e9sente politique de confidentialit\u00e9, pri\u00e8re de quitter ce site Web et de n\u2019y cr\u00e9er aucun compte d\u2019utilisateur. La pr\u00e9sente politique de confidentialit\u00e9 r\u00e9git l\u2019utilisation du site Web et s\u2019applique aux renseignements personnels que vous pouvez y soumettre. Lorsque vous soumettez des renseignements personnels sur le site Web, vous acceptez d\u2019\u00eatre li\u00e9 par les conditions de la pr\u00e9sente politique de confidentialit\u00e9.<u><\/u><u><\/u><\/p>\n<p class=\"m_3929261273092476424MsoNoSpacing\"><u><\/u> <u><\/u><\/p>\n<p class=\"m_3929261273092476424MsoNoSpacing\">T\u00e9l\u00e9con a nomm\u00e9 une responsable de la protection des renseignements personnels qui s\u2019assure que T\u00e9l\u00e9con se conforme aux lois en vigueur sur la protection de la vie priv\u00e9e et des renseignements personnels.<u><\/u><u><\/u><\/p>\n<p class=\"m_3929261273092476424MsoNoSpacing\"><u><\/u> <u><\/u><\/p>\n<p class=\"m_3929261273092476424MsoNoSpacing\">La Responsable de la protection des renseignements personnels peut \u00eatre jointe aux coordonn\u00e9es suivantes:<u><\/u><u><\/u><\/p>\n<p class=\"m_3929261273092476424MsoNoSpacing\"><u><\/u> <u><\/u><\/p>\n<p class=\"m_3929261273092476424MsoNoSpacing\">Directrice principale des affaires juridiques<u><\/u><u><\/u><\/p>\n<p class=\"m_3929261273092476424MsoNoSpacing\">Telecon Inc.<u><\/u><u><\/u><\/p>\n<p class=\"m_3929261273092476424MsoNoSpacing\">9500, boul. Parkway Parkway<u><\/u><u><\/u><\/p>\n<p class=\"m_3929261273092476424MsoNoSpacing\">Anjou, Qu\u00e9bec<u><\/u><u><\/u><\/p>\n<p class=\"m_3929261273092476424MsoNoSpacing\">H3B 5C9<u><\/u><u><\/u><\/p>\n<p class=\"m_3929261273092476424MsoNoSpacing\"><span lang=\"FR-CA\">Courriel:<\/span> <a href=\"mailto:privacy@telecon.ca\" target=\"_blank\" rel=\"noopener\"><span lang=\"FR-CA\">confidentialite@telecon.ca<\/span><\/a><\/p>\n\t\t\t\t\t\t\t\t<\/div>\n\t\t\t\t<\/div>\n\t\t\t\t\t<\/div>\n\t\t<\/div>\n\t\t\t\t\t<\/div>\n\t\t<\/section>\n\t\t\t\t<\/div>\n\t\t","protected":false},"excerpt":{"rendered":"<p>Confidentialit\u00e9 Protection des renseignements personnels Voici notre politique de confidentialit\u00e9. T\u00e9l\u00e9con Inc. et ses soci\u00e9t\u00e9s affili\u00e9es (\u00ab T\u00e9l\u00e9con Entreprises\u00bb) respectent votre vie priv\u00e9e et s\u2019engagent \u00e0 prot\u00e9ger vos renseignements personnels. Veuillez lire la pr\u00e9sente politique de confidentialit\u00e9 avant d\u2019utiliser le site Web ou d\u2019y cr\u00e9er un compte d\u2019utilisateur. Si vous \u00eates en d\u00e9saccord avec la [&hellip;]<\/p>\n","protected":false},"author":6,"featured_media":0,"parent":0,"menu_order":0,"comment_status":"closed","ping_status":"closed","template":"","meta":{"site-sidebar-layout":"no-sidebar","site-content-layout":"page-builder","ast-site-content-layout":"default","site-content-style":"default","site-sidebar-style":"default","ast-global-header-display":"","ast-banner-title-visibility":"","ast-main-header-display":"","ast-hfb-above-header-display":"","ast-hfb-below-header-display":"","ast-hfb-mobile-header-display":"","site-post-title":"disabled","ast-breadcrumbs-content":"","ast-featured-img":"disabled","footer-sml-layout":"","theme-transparent-header-meta":"default","adv-header-id-meta":"","stick-header-meta":"enabled","header-above-stick-meta":"","header-main-stick-meta":"on","header-below-stick-meta":"","astra-migrate-meta-layouts":"default","ast-page-background-enabled":"default","ast-page-background-meta":{"desktop":{"background-color":"","background-image":"","background-repeat":"repeat","background-position":"center center","background-size":"auto","background-attachment":"scroll","background-type":"","background-media":"","overlay-type":"","overlay-color":"","overlay-opacity":"","overlay-gradient":""},"tablet":{"background-color":"","background-image":"","background-repeat":"repeat","background-position":"center center","background-size":"auto","background-attachment":"scroll","background-type":"","background-media":"","overlay-type":"","overlay-color":"","overlay-opacity":"","overlay-gradient":""},"mobile":{"background-color":"","background-image":"","background-repeat":"repeat","background-position":"center center","background-size":"auto","background-attachment":"scroll","background-type":"","background-media":"","overlay-type":"","overlay-color":"","overlay-opacity":"","overlay-gradient":""}},"ast-content-background-meta":{"desktop":{"background-color":"var(--ast-global-color-5)","background-image":"","background-repeat":"repeat","background-position":"center center","background-size":"auto","background-attachment":"scroll","background-type":"","background-media":"","overlay-type":"","overlay-color":"","overlay-opacity":"","overlay-gradient":""},"tablet":{"background-color":"var(--ast-global-color-5)","background-image":"","background-repeat":"repeat","background-position":"center center","background-size":"auto","background-attachment":"scroll","background-type":"","background-media":"","overlay-type":"","overlay-color":"","overlay-opacity":"","overlay-gradient":""},"mobile":{"background-color":"var(--ast-global-color-5)","background-image":"","background-repeat":"repeat","background-position":"center center","background-size":"auto","background-attachment":"scroll","background-type":"","background-media":"","overlay-type":"","overlay-color":"","overlay-opacity":"","overlay-gradient":""}},"footnotes":""},"class_list":["post-4797","page","type-page","status-publish","hentry"],"_links":{"self":[{"href":"https:\/\/teleconenterprise.com\/fr\/wp-json\/wp\/v2\/pages\/4797","targetHints":{"allow":["GET"]}}],"collection":[{"href":"https:\/\/teleconenterprise.com\/fr\/wp-json\/wp\/v2\/pages"}],"about":[{"href":"https:\/\/teleconenterprise.com\/fr\/wp-json\/wp\/v2\/types\/page"}],"author":[{"embeddable":true,"href":"https:\/\/teleconenterprise.com\/fr\/wp-json\/wp\/v2\/users\/6"}],"replies":[{"embeddable":true,"href":"https:\/\/teleconenterprise.com\/fr\/wp-json\/wp\/v2\/comments?post=4797"}],"version-history":[{"count":3,"href":"https:\/\/teleconenterprise.com\/fr\/wp-json\/wp\/v2\/pages\/4797\/revisions"}],"predecessor-version":[{"id":4819,"href":"https:\/\/teleconenterprise.com\/fr\/wp-json\/wp\/v2\/pages\/4797\/revisions\/4819"}],"wp:attachment":[{"href":"https:\/\/teleconenterprise.com\/fr\/wp-json\/wp\/v2\/media?parent=4797"}],"curies":[{"name":"wp","href":"https:\/\/api.w.org\/{rel}","templated":true}]}}