{"id":5246,"date":"2024-11-20T14:15:06","date_gmt":"2024-11-20T19:15:06","guid":{"rendered":"https:\/\/teleconenterprise.com\/?page_id=5246"},"modified":"2024-11-20T14:15:09","modified_gmt":"2024-11-20T19:15:09","slug":"confidentialite-2","status":"publish","type":"page","link":"https:\/\/teleconenterprise.com\/fr\/confidentialite-2\/","title":{"rendered":"Plan d&rsquo;accessibilit\u00e9"},"content":{"rendered":"\t\t<div data-elementor-type=\"wp-post\" data-elementor-id=\"5246\" class=\"elementor elementor-5246 elementor-5245\" data-elementor-post-type=\"page\">\n\t\t\t\t\t\t<section class=\"elementor-section elementor-top-section elementor-element elementor-element-16d0b33e elementor-section-height-min-height elementor-section-boxed elementor-section-height-default elementor-section-items-middle\" data-id=\"16d0b33e\" data-element_type=\"section\" data-settings=\"{&quot;background_background&quot;:&quot;classic&quot;,&quot;shape_divider_bottom&quot;:&quot;tilt&quot;}\">\n\t\t\t\t\t\t\t<div class=\"elementor-background-overlay\"><\/div>\n\t\t\t\t\t\t<div class=\"elementor-shape elementor-shape-bottom\" aria-hidden=\"true\" data-negative=\"false\">\n\t\t\t<svg xmlns=\"http:\/\/www.w3.org\/2000\/svg\" viewBox=\"0 0 1000 100\" preserveAspectRatio=\"none\">\n\t<path class=\"elementor-shape-fill\" d=\"M0,6V0h1000v100L0,6z\"\/>\n<\/svg>\t\t<\/div>\n\t\t\t\t\t<div class=\"elementor-container elementor-column-gap-default\">\n\t\t\t\t\t<div class=\"elementor-column elementor-col-100 elementor-top-column elementor-element elementor-element-5df2763b elementor-invisible\" data-id=\"5df2763b\" data-element_type=\"column\" data-settings=\"{&quot;animation&quot;:&quot;fadeIn&quot;}\">\n\t\t\t<div class=\"elementor-widget-wrap elementor-element-populated\">\n\t\t\t\t\t\t<section class=\"elementor-section elementor-inner-section elementor-element elementor-element-166c2531 elementor-section-boxed elementor-section-height-default elementor-section-height-default\" data-id=\"166c2531\" data-element_type=\"section\">\n\t\t\t\t\t\t<div class=\"elementor-container elementor-column-gap-wider\">\n\t\t\t\t\t<div class=\"elementor-column elementor-col-100 elementor-inner-column elementor-element elementor-element-7d23f35e\" data-id=\"7d23f35e\" data-element_type=\"column\">\n\t\t\t<div class=\"elementor-widget-wrap elementor-element-populated\">\n\t\t\t\t\t\t<div class=\"elementor-element elementor-element-5943572 elementor-widget elementor-widget-heading\" data-id=\"5943572\" data-element_type=\"widget\" data-widget_type=\"heading.default\">\n\t\t\t\t<div class=\"elementor-widget-container\">\n\t\t\t\t\t<h2 class=\"elementor-heading-title elementor-size-xl\">Plan d'accessibilit\u00e9<\/h2>\t\t\t\t<\/div>\n\t\t\t\t<\/div>\n\t\t\t\t\t<\/div>\n\t\t<\/div>\n\t\t\t\t\t<\/div>\n\t\t<\/section>\n\t\t\t\t<section class=\"elementor-section elementor-inner-section elementor-element elementor-element-ce539b8 elementor-section-boxed elementor-section-height-default elementor-section-height-default\" data-id=\"ce539b8\" data-element_type=\"section\">\n\t\t\t\t\t\t<div class=\"elementor-container elementor-column-gap-wider\">\n\t\t\t\t\t<div class=\"elementor-column elementor-col-16 elementor-inner-column elementor-element elementor-element-1308f32\" data-id=\"1308f32\" data-element_type=\"column\">\n\t\t\t<div class=\"elementor-widget-wrap\">\n\t\t\t\t\t\t\t<\/div>\n\t\t<\/div>\n\t\t\t\t<div class=\"elementor-column elementor-col-66 elementor-inner-column elementor-element elementor-element-02b895e\" data-id=\"02b895e\" data-element_type=\"column\">\n\t\t\t<div class=\"elementor-widget-wrap elementor-element-populated\">\n\t\t\t\t\t\t\t<\/div>\n\t\t<\/div>\n\t\t\t\t<div class=\"elementor-column elementor-col-16 elementor-inner-column elementor-element elementor-element-99f30b8\" data-id=\"99f30b8\" data-element_type=\"column\">\n\t\t\t<div class=\"elementor-widget-wrap\">\n\t\t\t\t\t\t\t<\/div>\n\t\t<\/div>\n\t\t\t\t\t<\/div>\n\t\t<\/section>\n\t\t\t\t\t<\/div>\n\t\t<\/div>\n\t\t\t\t\t<\/div>\n\t\t<\/section>\n\t\t\t\t<section class=\"elementor-section elementor-top-section elementor-element elementor-element-4a8ab1f elementor-section-boxed elementor-section-height-default elementor-section-height-default\" data-id=\"4a8ab1f\" data-element_type=\"section\">\n\t\t\t\t\t\t<div class=\"elementor-container elementor-column-gap-default\">\n\t\t\t\t\t<div class=\"elementor-column elementor-col-100 elementor-top-column elementor-element elementor-element-b5c8d6e\" data-id=\"b5c8d6e\" data-element_type=\"column\">\n\t\t\t<div class=\"elementor-widget-wrap elementor-element-populated\">\n\t\t\t\t\t\t<div class=\"elementor-element elementor-element-b4faf89 elementor-widget elementor-widget-text-editor\" data-id=\"b4faf89\" data-element_type=\"widget\" data-widget_type=\"text-editor.default\">\n\t\t\t\t<div class=\"elementor-widget-container\">\n\t\t\t\t\t\t\t\t\t<p>Telecon Entreprises a pr\u00e9par\u00e9 ce plan d&rsquo;accessibilit\u00e9 conjoint afin de respecter les obligations de notre organisation en vertu de la <a href=\"https:\/\/laws-lois.justice.gc.ca\/fra\/lois\/a-0.6\/TexteComplet.html\">Loi sur le Canada accessible<\/a> (LCA) et du <a href=\"https:\/\/laws-lois.justice.gc.ca\/fra\/reglements\/DORS-2021-241\/TexteComplet.html\">R\u00e8glement sur le Canada accessible<\/a> (RCA).<\/p><p>Telecon Entreprises s&rsquo;engage \u00e0 rendre accessibles leur lieu de travail, leurs politiques, leurs programmes, leurs pratiques et leurs services. Veuillez envoyer vos commentaires \u00e0 l&rsquo;\u00e9quipe Talent et Culture, que vous pouvez joindre par courriel \u00e0 l&rsquo;adresse <a href=\"http:\/\/talentculture@Telecon.ca.\">talentculture@Telecon.ca.<\/a><\/p><p>Vous pouvez utiliser les coordonn\u00e9es indiqu\u00e9es ci-dessous pour nous demander une copie de notre plan d&rsquo;accessibilit\u00e9 et de la description de notre processus de r\u00e9troaction dans ces formats de rechange : imprim\u00e9, gros caract\u00e8res, braille, audio ou format \u00e9lectronique compatible avec les technologies d&rsquo;adaptation destin\u00e9es \u00e0 aider les personnes handicap\u00e9es. Nous vous fournirons le format demand\u00e9 d\u00e8s que possible. Les formats braille et audio peuvent prendre jusqu&rsquo;\u00e0 45 jours. Les formats imprim\u00e9s, en gros caract\u00e8res et \u00e9lectroniques peuvent prendre jusqu&rsquo;\u00e0 20 jours.<\/p><p><br \/><a href=\"https:\/\/teleconenterprise.com\/wp-content\/uploads\/ACCESSBILITY-Telecon-Enterprise-FR-1.pdf\">Cliquez ici pour en savoir plus sur notre plan d&rsquo;accessibilit\u00e9.<\/a><\/p><p><br \/>Contactez-nous : <br \/>\u2022 Courriel : <a href=\"talentculture@Telecon.ca\">talentculture@Telecon.ca<\/a> <br \/>\u2022 T\u00e9l\u00e9phone : 1 800 465-0349 1 800 465-0349<\/p><p>\u00a0<\/p>\t\t\t\t\t\t\t\t<\/div>\n\t\t\t\t<\/div>\n\t\t\t\t\t<\/div>\n\t\t<\/div>\n\t\t\t\t\t<\/div>\n\t\t<\/section>\n\t\t\t\t<\/div>\n\t\t","protected":false},"excerpt":{"rendered":"<p>Plan d&rsquo;accessibilit\u00e9 Telecon Entreprises a pr\u00e9par\u00e9 ce plan d&rsquo;accessibilit\u00e9 conjoint afin de respecter les obligations de notre organisation en vertu de la Loi sur le Canada accessible (LCA) et du R\u00e8glement sur le Canada accessible (RCA). Telecon Entreprises s&rsquo;engage \u00e0 rendre accessibles leur lieu de travail, leurs politiques, leurs programmes, leurs pratiques et leurs services. [&hellip;]<\/p>\n","protected":false},"author":21,"featured_media":0,"parent":0,"menu_order":0,"comment_status":"closed","ping_status":"closed","template":"","meta":{"site-sidebar-layout":"no-sidebar","site-content-layout":"page-builder","ast-site-content-layout":"full-width-container","site-content-style":"unboxed","site-sidebar-style":"unboxed","ast-global-header-display":"","ast-banner-title-visibility":"","ast-main-header-display":"","ast-hfb-above-header-display":"","ast-hfb-below-header-display":"","ast-hfb-mobile-header-display":"","site-post-title":"disabled","ast-breadcrumbs-content":"","ast-featured-img":"disabled","footer-sml-layout":"","theme-transparent-header-meta":"default","adv-header-id-meta":"","stick-header-meta":"enabled","header-above-stick-meta":"","header-main-stick-meta":"on","header-below-stick-meta":"","astra-migrate-meta-layouts":"set","ast-page-background-enabled":"default","ast-page-background-meta":{"desktop":{"background-color":"","background-image":"","background-repeat":"repeat","background-position":"center center","background-size":"auto","background-attachment":"scroll","background-type":"","background-media":"","overlay-type":"","overlay-color":"","overlay-opacity":"","overlay-gradient":""},"tablet":{"background-color":"","background-image":"","background-repeat":"repeat","background-position":"center center","background-size":"auto","background-attachment":"scroll","background-type":"","background-media":"","overlay-type":"","overlay-color":"","overlay-opacity":"","overlay-gradient":""},"mobile":{"background-color":"","background-image":"","background-repeat":"repeat","background-position":"center center","background-size":"auto","background-attachment":"scroll","background-type":"","background-media":"","overlay-type":"","overlay-color":"","overlay-opacity":"","overlay-gradient":""}},"ast-content-background-meta":{"desktop":{"background-color":"var(--ast-global-color-5)","background-image":"","background-repeat":"repeat","background-position":"center center","background-size":"auto","background-attachment":"scroll","background-type":"","background-media":"","overlay-type":"","overlay-color":"","overlay-opacity":"","overlay-gradient":""},"tablet":{"background-color":"var(--ast-global-color-5)","background-image":"","background-repeat":"repeat","background-position":"center center","background-size":"auto","background-attachment":"scroll","background-type":"","background-media":"","overlay-type":"","overlay-color":"","overlay-opacity":"","overlay-gradient":""},"mobile":{"background-color":"var(--ast-global-color-5)","background-image":"","background-repeat":"repeat","background-position":"center center","background-size":"auto","background-attachment":"scroll","background-type":"","background-media":"","overlay-type":"","overlay-color":"","overlay-opacity":"","overlay-gradient":""}},"footnotes":""},"class_list":["post-5246","page","type-page","status-publish","hentry"],"_links":{"self":[{"href":"https:\/\/teleconenterprise.com\/fr\/wp-json\/wp\/v2\/pages\/5246","targetHints":{"allow":["GET"]}}],"collection":[{"href":"https:\/\/teleconenterprise.com\/fr\/wp-json\/wp\/v2\/pages"}],"about":[{"href":"https:\/\/teleconenterprise.com\/fr\/wp-json\/wp\/v2\/types\/page"}],"author":[{"embeddable":true,"href":"https:\/\/teleconenterprise.com\/fr\/wp-json\/wp\/v2\/users\/21"}],"replies":[{"embeddable":true,"href":"https:\/\/teleconenterprise.com\/fr\/wp-json\/wp\/v2\/comments?post=5246"}],"version-history":[{"count":5,"href":"https:\/\/teleconenterprise.com\/fr\/wp-json\/wp\/v2\/pages\/5246\/revisions"}],"predecessor-version":[{"id":5259,"href":"https:\/\/teleconenterprise.com\/fr\/wp-json\/wp\/v2\/pages\/5246\/revisions\/5259"}],"wp:attachment":[{"href":"https:\/\/teleconenterprise.com\/fr\/wp-json\/wp\/v2\/media?parent=5246"}],"curies":[{"name":"wp","href":"https:\/\/api.w.org\/{rel}","templated":true}]}}